{"id":11604,"date":"2019-12-08T14:42:45","date_gmt":"2019-12-08T14:42:45","guid":{"rendered":"http:\/\/www.billard-club-sottevillais.com\/?page_id=11604"},"modified":"2019-12-08T14:51:17","modified_gmt":"2019-12-08T14:51:17","slug":"libre-r3-t1-27-octobre-2019","status":"publish","type":"page","link":"http:\/\/www.billard-club-sottevillais.com\/?page_id=11604","title":{"rendered":"Libre R3 T1 &#8211; 27 octobre 2019"},"content":{"rendered":"<p style=\"text-align: justify;\">R\u00e9sultats des Tournois, vous trouverez ici toutes les informations concernant les rencontres sportives auxquelles participe le Billard Club Sottevillais.<\/p>\n<p style=\"text-align: center;\"><!--more--><img loading=\"lazy\" decoding=\"async\" class=\"aligncenter size-full wp-image-59\" title=\"sport\" src=\"http:\/\/billardcf.cluster010.ovh.net\/wp-content\/uploads\/2011\/07\/sport.jpg\" alt=\"\" width=\"231\" height=\"116\" \/><\/p>\n<p style=\"text-align: justify;\">Le 1er tour de libre R3 s&rsquo;est d\u00e9roul\u00e9 le 27 octobre 2019. Jean-Pierre Guerout jouait \u00e0 Cany-Barville, pendant que Sylvain Baville et Pascal Ippolito \u00e9taient \u00e0 Oissel.<\/p>\n<p style=\"text-align: justify;\">A Cany, Jean-pierre Guerout termine 2\u00e8me derri\u00e8re Gilles Cuvier de Cany-Barville.<\/p>\n<p style=\"text-align: justify;\">A Oissel, en attente&#8230;<\/p>\n<p style=\"text-align: justify;\"><em>\u00a0<\/em><\/p>\n<p style=\"text-align: justify;\"><em>A Cany:<\/em><\/p>\n<p style=\"text-align: center;\"><img loading=\"lazy\" decoding=\"async\" class=\"aligncenter size-large wp-image-10202\" title=\"Libre R3 T1 21.10.18 Cany\" src=\"http:\/\/www.billard-club-sottevillais.com\/wp-content\/uploads\/2018\/10\/Libre-R3-T1-21.10.18-Cany-723x1024.jpg\" alt=\"\" width=\"578\" height=\"819\" srcset=\"http:\/\/www.billard-club-sottevillais.com\/wp-content\/uploads\/2018\/10\/Libre-R3-T1-21.10.18-Cany-723x1024.jpg 723w, http:\/\/www.billard-club-sottevillais.com\/wp-content\/uploads\/2018\/10\/Libre-R3-T1-21.10.18-Cany-212x300.jpg 212w, http:\/\/www.billard-club-sottevillais.com\/wp-content\/uploads\/2018\/10\/Libre-R3-T1-21.10.18-Cany.jpg 1240w\" sizes=\"auto, (max-width: 578px) 100vw, 578px\" \/><\/p>\n<p style=\"text-align: left;\">A Oissel: en attente&#8230;<\/p>\n<h4 style=\"padding-left: 30px;\">Le pdf ici :<a href=\"http:\/\/www.billard-club-sottevillais.com\/wp-content\/uploads\/2018\/10\/Libre-R3-T1-21.10.18-Cany.pdf\" target=\"_blank\" rel=\"noopener noreferrer\">Libre R3 T1 21.10.18 Cany<\/a><\/h4>\n<h4 style=\"padding-left: 30px;\">Le pdf ici : en attente&#8230;<\/h4>\n","protected":false},"excerpt":{"rendered":"<p>R\u00e9sultats des Tournois, vous trouverez ici toutes les informations concernant les rencontres sportives auxquelles participe le Billard Club Sottevillais.<\/p>\n","protected":false},"author":7,"featured_media":0,"parent":43,"menu_order":0,"comment_status":"closed","ping_status":"closed","template":"page-full.php","meta":{"footnotes":""},"class_list":["post-11604","page","type-page","status-publish","hentry"],"_links":{"self":[{"href":"http:\/\/www.billard-club-sottevillais.com\/index.php?rest_route=\/wp\/v2\/pages\/11604","targetHints":{"allow":["GET"]}}],"collection":[{"href":"http:\/\/www.billard-club-sottevillais.com\/index.php?rest_route=\/wp\/v2\/pages"}],"about":[{"href":"http:\/\/www.billard-club-sottevillais.com\/index.php?rest_route=\/wp\/v2\/types\/page"}],"author":[{"embeddable":true,"href":"http:\/\/www.billard-club-sottevillais.com\/index.php?rest_route=\/wp\/v2\/users\/7"}],"replies":[{"embeddable":true,"href":"http:\/\/www.billard-club-sottevillais.com\/index.php?rest_route=%2Fwp%2Fv2%2Fcomments&post=11604"}],"version-history":[{"count":4,"href":"http:\/\/www.billard-club-sottevillais.com\/index.php?rest_route=\/wp\/v2\/pages\/11604\/revisions"}],"predecessor-version":[{"id":11822,"href":"http:\/\/www.billard-club-sottevillais.com\/index.php?rest_route=\/wp\/v2\/pages\/11604\/revisions\/11822"}],"up":[{"embeddable":true,"href":"http:\/\/www.billard-club-sottevillais.com\/index.php?rest_route=\/wp\/v2\/pages\/43"}],"wp:attachment":[{"href":"http:\/\/www.billard-club-sottevillais.com\/index.php?rest_route=%2Fwp%2Fv2%2Fmedia&parent=11604"}],"curies":[{"name":"wp","href":"https:\/\/api.w.org\/{rel}","templated":true}]}}