{"id":11535,"date":"2019-10-13T16:33:40","date_gmt":"2019-10-13T16:33:40","guid":{"rendered":"http:\/\/www.billard-club-sottevillais.com\/?page_id=11535"},"modified":"2019-10-13T16:33:42","modified_gmt":"2019-10-13T16:33:42","slug":"libre-r2-t1-13-octobre-2019","status":"publish","type":"page","link":"http:\/\/www.billard-club-sottevillais.com\/?page_id=11535","title":{"rendered":"Libre R2 T1 13 Octobre 2019"},"content":{"rendered":"<p style=\"text-align: justify;\">R\u00e9sultats des Tournois, vous trouverez ici toutes les informations concernant les rencontres sportives auxquelles participe le Billard Club Sottevillais.<\/p>\n<p style=\"text-align: center;\"><!--more--><img loading=\"lazy\" decoding=\"async\" class=\"aligncenter size-full wp-image-59\" title=\"sport\" src=\"http:\/\/billardcf.cluster010.ovh.net\/wp-content\/uploads\/2011\/07\/sport.jpg\" alt=\"\" width=\"231\" height=\"116\" \/><\/p>\n<p style=\"text-align: justify;\">Le 13 octobre 2019, avait lieu le 1er tour de libre R2 \u00e0 Sotteville-l\u00e8s-Rouen. Jacques Robin, G\u00e9rard Gueret et Bruno Pierrel participaient \u00e0 ce tour de jeu.<\/p>\n<p style=\"text-align: justify;\">G\u00e9rard Gueret finit 8\u00e8me, Jacques termine 7\u00e8me.<\/p>\n<p style=\"text-align: justify;\">Bruno Pierrel gagne ce tour.<\/p>\n<p style=\"text-align: center;\"><img loading=\"lazy\" decoding=\"async\" class=\"aligncenter size-large wp-image-11536\" src=\"http:\/\/www.billard-club-sottevillais.com\/wp-content\/uploads\/2019\/10\/Libre-R2-T1-Sotteville-13-10-2019-1-724x1024.jpg\" alt=\"\" width=\"724\" height=\"1024\" srcset=\"http:\/\/www.billard-club-sottevillais.com\/wp-content\/uploads\/2019\/10\/Libre-R2-T1-Sotteville-13-10-2019-1-724x1024.jpg 724w, http:\/\/www.billard-club-sottevillais.com\/wp-content\/uploads\/2019\/10\/Libre-R2-T1-Sotteville-13-10-2019-1-212x300.jpg 212w, http:\/\/www.billard-club-sottevillais.com\/wp-content\/uploads\/2019\/10\/Libre-R2-T1-Sotteville-13-10-2019-1-768x1086.jpg 768w, http:\/\/www.billard-club-sottevillais.com\/wp-content\/uploads\/2019\/10\/Libre-R2-T1-Sotteville-13-10-2019-1.jpg 1240w\" sizes=\"auto, (max-width: 724px) 100vw, 724px\" \/><img loading=\"lazy\" decoding=\"async\" class=\"aligncenter size-large wp-image-11537\" src=\"http:\/\/www.billard-club-sottevillais.com\/wp-content\/uploads\/2019\/10\/Libre-R2-T1-Sotteville-13-10-2019-2-724x1024.jpg\" alt=\"\" width=\"724\" height=\"1024\" srcset=\"http:\/\/www.billard-club-sottevillais.com\/wp-content\/uploads\/2019\/10\/Libre-R2-T1-Sotteville-13-10-2019-2-724x1024.jpg 724w, http:\/\/www.billard-club-sottevillais.com\/wp-content\/uploads\/2019\/10\/Libre-R2-T1-Sotteville-13-10-2019-2-212x300.jpg 212w, http:\/\/www.billard-club-sottevillais.com\/wp-content\/uploads\/2019\/10\/Libre-R2-T1-Sotteville-13-10-2019-2-768x1086.jpg 768w, http:\/\/www.billard-club-sottevillais.com\/wp-content\/uploads\/2019\/10\/Libre-R2-T1-Sotteville-13-10-2019-2.jpg 1240w\" sizes=\"auto, (max-width: 724px) 100vw, 724px\" \/><\/p>\n<h4 style=\"padding-left: 30px;\">Le pdf ici : <a href=\"http:\/\/www.billard-club-sottevillais.com\/wp-content\/uploads\/2019\/10\/Libre-R2-T1-Sotteville-13-10-2019.pdf\" target=\"_blank\" rel=\"noopener noreferrer\">Libre R2 T1 Sotteville 13-10-2019<\/a><\/h4>\n","protected":false},"excerpt":{"rendered":"<p>R\u00e9sultats des Tournois, vous trouverez ici toutes les informations concernant les rencontres sportives auxquelles participe le Billard Club Sottevillais.<\/p>\n","protected":false},"author":7,"featured_media":0,"parent":43,"menu_order":0,"comment_status":"closed","ping_status":"closed","template":"page-full.php","meta":{"footnotes":""},"class_list":["post-11535","page","type-page","status-publish","hentry"],"_links":{"self":[{"href":"http:\/\/www.billard-club-sottevillais.com\/index.php?rest_route=\/wp\/v2\/pages\/11535","targetHints":{"allow":["GET"]}}],"collection":[{"href":"http:\/\/www.billard-club-sottevillais.com\/index.php?rest_route=\/wp\/v2\/pages"}],"about":[{"href":"http:\/\/www.billard-club-sottevillais.com\/index.php?rest_route=\/wp\/v2\/types\/page"}],"author":[{"embeddable":true,"href":"http:\/\/www.billard-club-sottevillais.com\/index.php?rest_route=\/wp\/v2\/users\/7"}],"replies":[{"embeddable":true,"href":"http:\/\/www.billard-club-sottevillais.com\/index.php?rest_route=%2Fwp%2Fv2%2Fcomments&post=11535"}],"version-history":[{"count":1,"href":"http:\/\/www.billard-club-sottevillais.com\/index.php?rest_route=\/wp\/v2\/pages\/11535\/revisions"}],"predecessor-version":[{"id":11539,"href":"http:\/\/www.billard-club-sottevillais.com\/index.php?rest_route=\/wp\/v2\/pages\/11535\/revisions\/11539"}],"up":[{"embeddable":true,"href":"http:\/\/www.billard-club-sottevillais.com\/index.php?rest_route=\/wp\/v2\/pages\/43"}],"wp:attachment":[{"href":"http:\/\/www.billard-club-sottevillais.com\/index.php?rest_route=%2Fwp%2Fv2%2Fmedia&parent=11535"}],"curies":[{"name":"wp","href":"https:\/\/api.w.org\/{rel}","templated":true}]}}