{"id":11408,"date":"2019-06-16T10:17:35","date_gmt":"2019-06-16T10:17:35","guid":{"rendered":"http:\/\/www.billard-club-sottevillais.com\/?page_id=11408"},"modified":"2019-06-16T10:19:00","modified_gmt":"2019-06-16T10:19:00","slug":"assemblee-generale-2019","status":"publish","type":"page","link":"http:\/\/www.billard-club-sottevillais.com\/?page_id=11408","title":{"rendered":"Assembl\u00e9e G\u00e9n\u00e9rale 2019"},"content":{"rendered":"<p style=\"text-align: justify;\">Le 15 juin 2019, le Billard Club Sottevillais a r\u00e9uni son Assembl\u00e9e G\u00e9n\u00e9rale. 15 juin, me direz-vous mais nous sommes au c\u0153ur de l&rsquo;Armada. Eh bien, malgr\u00e9 cette concurrence s\u00e9v\u00e8re, nos adh\u00e9rents se sont quand m\u00eame d\u00e9plac\u00e9s pour discuter de la vie du BCS.<br \/>\nD\u00e8s 9h, nous avons accueilli comme d&rsquo;habitude nos adh\u00e9rents avec un caf\u00e9 accompagn\u00e9 de viennoiseries. En signant la feuille de pr\u00e9sence ils ont pris possession du dossier contenant les rapports soumis \u00e0 l&rsquo;AG.<br \/>\n&nbsp;<br \/>\n<center><div class=\"flgallery-219 flgallery-art flgallery-embed\" style=\"width: 550px; height: 400px; overflow: hidden;\"><object classid=\"clsid:D27CDB6E-AE6D-11cf-96B8-444553540000\" id=\"flgallery-219\" width=\"550\" height=\"400\" style=\"width:550px; height:400px; margin:0; padding:0;\"><param name=\"movie\" value=\"http:\/\/www.billard-club-sottevillais.com\/wp-content\/plugins\/global-flash-galleries\/swf\/Art.swf\" \/><param name=\"flashVars\" value=\"XMLFile=http%3A%2F%2Fwww.billard-club-sottevillais.com%2Fwp-content%2Fflgallery%2Fxml%2F1%2F219.xml\" \/><param name=\"allowFullScreen\" value=\"true\" \/><param name=\"allowScriptAccess\" value=\"always\" \/><param name=\"quality\" value=\"high\" \/><param name=\"wmode\" value=\"transparent\" \/><param name=\"swfversion\" value=\"9.0.45.0\" \/><param name=\"expressinstall\" value=\"http:\/\/www.billard-club-sottevillais.com\/wp-content\/plugins\/global-flash-galleries\/js\/swfobject\/expressInstall.swf\" \/><object type=\"application\/x-shockwave-flash\" data=\"http:\/\/www.billard-club-sottevillais.com\/wp-content\/plugins\/global-flash-galleries\/swf\/Art.swf\" width=\"550\" height=\"400\" style=\"width:550px; height:400px; margin:0; padding:0; outline:none;\"><param name=\"flashVars\" value=\"XMLFile=http%3A%2F%2Fwww.billard-club-sottevillais.com%2Fwp-content%2Fflgallery%2Fxml%2F1%2F219.xml\" \/><param name=\"allowFullScreen\" value=\"true\" \/><param name=\"allowScriptAccess\" value=\"always\" \/><param name=\"quality\" value=\"high\" \/><param name=\"wmode\" value=\"transparent\" \/><param name=\"swfversion\" value=\"9.0.45.0\" \/><param name=\"expressinstall\" value=\"http:\/\/www.billard-club-sottevillais.com\/wp-content\/plugins\/global-flash-galleries\/js\/swfobject\/expressInstall.swf\" \/><div class=\"flgallery-altcontent\"><ol style=\"list-style:none;\"><li style=\"display:inline;\"><a href=\"http:\/\/www.billard-club-sottevillais.com\/wp-content\/flgallery\/images\/fzg4gbs00tos.jpg\"><img decoding=\"async\" src=\"http:\/\/www.billard-club-sottevillais.com\/wp-content\/flgallery\/tmp\/img-fzg4gbs00tos.160x120.jpg\" alt=\"AG 004\" \/><\/a><\/li><li style=\"display:inline;\"><a href=\"http:\/\/www.billard-club-sottevillais.com\/wp-content\/flgallery\/images\/mhy8spuf985a.jpg\"><img decoding=\"async\" src=\"http:\/\/www.billard-club-sottevillais.com\/wp-content\/flgallery\/tmp\/img-mhy8spuf985a.160x120.jpg\" alt=\"AG 008\" \/><\/a><\/li><li style=\"display:inline;\"><a href=\"http:\/\/www.billard-club-sottevillais.com\/wp-content\/flgallery\/images\/7fhd0gfbsh8a.jpg\"><img decoding=\"async\" src=\"http:\/\/www.billard-club-sottevillais.com\/wp-content\/flgallery\/tmp\/img-7fhd0gfbsh8a.160x120.jpg\" alt=\"AG 005\" \/><\/a><\/li><li style=\"display:inline;\"><a href=\"http:\/\/www.billard-club-sottevillais.com\/wp-content\/flgallery\/images\/gr1hd4gaysqt.jpg\"><img decoding=\"async\" src=\"http:\/\/www.billard-club-sottevillais.com\/wp-content\/flgallery\/tmp\/img-gr1hd4gaysqt.160x120.jpg\" alt=\"AG 009\" \/><\/a><\/li><li style=\"display:inline;\"><a href=\"http:\/\/www.billard-club-sottevillais.com\/wp-content\/flgallery\/images\/gz494qm528gr.jpg\"><img decoding=\"async\" src=\"http:\/\/www.billard-club-sottevillais.com\/wp-content\/flgallery\/tmp\/img-gz494qm528gr.160x120.jpg\" alt=\"AG 0011\" \/><\/a><\/li><li style=\"display:inline;\"><a href=\"http:\/\/www.billard-club-sottevillais.com\/wp-content\/flgallery\/images\/ak1v38teqk2r.jpg\"><img decoding=\"async\" src=\"http:\/\/www.billard-club-sottevillais.com\/wp-content\/flgallery\/tmp\/img-ak1v38teqk2r.160x120.jpg\" alt=\"AG 0012\" \/><\/a><\/li><\/ol><\/div><\/object><\/object><script type=\"text\/javascript\">jQuery(document).ready(function($) { if (!swfobject.hasFlashPlayerVersion('9.0.45.0')) { altgallery({ type: 'Art', width: '550', height: '400', images: { folder: 'http:\/\/www.billard-club-sottevillais.com\/wp-content\/plugins\/global-flash-galleries\/img\/' }, config: 'http:\/\/www.billard-club-sottevillais.com\/wp-content\/flgallery\/xml\/1\/219.xml', configType: 'xml', fullscreen: 'never', callback: function(gallery) { var container = gallery.canvas.element.parents('.flgallery-embed'); var parent = container.parent(); var initialWidth = container.width(); var prevWidth; container.css({ width: '', height: '' }); function scale() { var parentWidth = parent.width(); if (parentWidth != prevWidth) { gallery.canvas.scale(parentWidth \/ initialWidth); prevWidth = parentWidth; } } scale(); $(window).resize(scale); } }, '#flgallery-219 .flgallery-altcontent'); } });<\/script><\/div><\/center><br \/>\n&nbsp;<\/p>\n<p style=\"text-align: justify;\">Vers 9h30, chacun s&rsquo;est install\u00e9 dans la salle et le Pr\u00e9sident Bruno Pierrel a ouvert l&rsquo;AG en s&rsquo;assurant que le quorum \u00e9tait atteint.<\/p>\n<p>&nbsp;<br \/>\n<img loading=\"lazy\" decoding=\"async\" class=\"aligncenter size-full wp-image-11415\" src=\"http:\/\/www.billard-club-sottevillais.com\/wp-content\/uploads\/2019\/06\/Bureau.jpg\" alt=\"\" width=\"819\" height=\"379\" srcset=\"http:\/\/www.billard-club-sottevillais.com\/wp-content\/uploads\/2019\/06\/Bureau.jpg 819w, http:\/\/www.billard-club-sottevillais.com\/wp-content\/uploads\/2019\/06\/Bureau-300x139.jpg 300w, http:\/\/www.billard-club-sottevillais.com\/wp-content\/uploads\/2019\/06\/Bureau-768x355.jpg 768w\" sizes=\"auto, (max-width: 706px) 89vw, (max-width: 767px) 82vw, 740px\" \/><br \/>\n&nbsp;<\/p>\n<p style=\"text-align: justify;\">M. Jean-Claude Bauer et M. Christophe Delamare qui repr\u00e9sentaient Mme la Maire ont assist\u00e9 \u00e0 nos travaux.<br \/>\nM. Bauer nous a rappel\u00e9 qu&rsquo;il assistait \u00e0 nos AG depuis pr\u00e8s de trente ans, mais que celle-ci \u00e9tait la derni\u00e8re. Il a soulign\u00e9 les bonnes relations qui existent avec le BCS. Il a remerci\u00e9 les dirigeants mais aussi tous les b\u00e9n\u00e9voles qui font vivre notre association. Il a conclut son intervention en nous disant \u00ab\u00a0Ne changez rien. Merci.\u00a0\u00bb<br \/>\nM. Delamare qui est adjoint au maire en charge du sport a insist\u00e9 sur le besoin de diversit\u00e9 dans l&rsquo;offre sportive, et le billard fait partie de cette diversit\u00e9. Il a soulign\u00e9 le r\u00f4le des clubs sportifs dans la vie sociale de la commune. Il a remerci\u00e9 le BCS pour son implication dans la vie sportive.<br \/>\n&nbsp;<br \/>\n<img loading=\"lazy\" decoding=\"async\" class=\"aligncenter size-full wp-image-11421\" src=\"http:\/\/www.billard-club-sottevillais.com\/wp-content\/uploads\/2019\/06\/Salle.jpg\" alt=\"\" width=\"819\" height=\"380\" srcset=\"http:\/\/www.billard-club-sottevillais.com\/wp-content\/uploads\/2019\/06\/Salle.jpg 819w, http:\/\/www.billard-club-sottevillais.com\/wp-content\/uploads\/2019\/06\/Salle-300x139.jpg 300w, http:\/\/www.billard-club-sottevillais.com\/wp-content\/uploads\/2019\/06\/Salle-768x356.jpg 768w\" sizes=\"auto, (max-width: 706px) 89vw, (max-width: 767px) 82vw, 740px\" \/><br \/>\n&nbsp;<\/p>\n<p style=\"text-align: justify;\">Nous avons ensuite d\u00e9roul\u00e9 l&rsquo;ordre du jour. Apr\u00e8s le rapport des v\u00e9rificateurs aux comptes, Eric Violette a pr\u00e9sent\u00e9 le bilan financier.<br \/>\nL&rsquo;an pass\u00e9, la suppression des emplois aid\u00e9s a profond\u00e9ment modifi\u00e9 notre mode de fonctionnement et nous avons d\u00fb diminu\u00e9 nos d\u00e9penses mais \u00e9galement augmenter nos tarifs. Eric nous a pr\u00e9sent\u00e9 un bilan b\u00e9n\u00e9ficiaire de quelques centaines d&rsquo;euros. Cela confirme que les mesures adopt\u00e9es par l&rsquo;AG de 2018 \u00e9taient savamment dos\u00e9es.<br \/>\nL&rsquo;AG a reconduit le programme de formation pour la saison 2019\/2020. Apr\u00e8s l&rsquo;\u00e9lection du tiers sortant et les questions diverses, Bruno Pierrel a prononc\u00e9 la cl\u00f4ture de l&rsquo;Assembl\u00e9e, puis il a invit\u00e9 les pr\u00e9sents \u00e0 partager le verre de l&rsquo;amiti\u00e9.<br \/>\n&nbsp;<br \/>\n<center><div class=\"flgallery-220 flgallery-art flgallery-embed\" style=\"width: 550px; height: 400px; overflow: hidden;\"><object classid=\"clsid:D27CDB6E-AE6D-11cf-96B8-444553540000\" id=\"flgallery-220\" width=\"550\" height=\"400\" style=\"width:550px; height:400px; margin:0; padding:0;\"><param name=\"movie\" value=\"http:\/\/www.billard-club-sottevillais.com\/wp-content\/plugins\/global-flash-galleries\/swf\/Art.swf\" \/><param name=\"flashVars\" value=\"XMLFile=http%3A%2F%2Fwww.billard-club-sottevillais.com%2Fwp-content%2Fflgallery%2Fxml%2F1%2F220.xml\" \/><param name=\"allowFullScreen\" value=\"true\" \/><param name=\"allowScriptAccess\" value=\"always\" \/><param name=\"quality\" value=\"high\" \/><param name=\"wmode\" value=\"transparent\" \/><param name=\"swfversion\" value=\"9.0.45.0\" \/><param name=\"expressinstall\" value=\"http:\/\/www.billard-club-sottevillais.com\/wp-content\/plugins\/global-flash-galleries\/js\/swfobject\/expressInstall.swf\" \/><object type=\"application\/x-shockwave-flash\" data=\"http:\/\/www.billard-club-sottevillais.com\/wp-content\/plugins\/global-flash-galleries\/swf\/Art.swf\" width=\"550\" height=\"400\" style=\"width:550px; height:400px; margin:0; padding:0; outline:none;\"><param name=\"flashVars\" value=\"XMLFile=http%3A%2F%2Fwww.billard-club-sottevillais.com%2Fwp-content%2Fflgallery%2Fxml%2F1%2F220.xml\" \/><param name=\"allowFullScreen\" value=\"true\" \/><param name=\"allowScriptAccess\" value=\"always\" \/><param name=\"quality\" value=\"high\" \/><param name=\"wmode\" value=\"transparent\" \/><param name=\"swfversion\" value=\"9.0.45.0\" \/><param name=\"expressinstall\" value=\"http:\/\/www.billard-club-sottevillais.com\/wp-content\/plugins\/global-flash-galleries\/js\/swfobject\/expressInstall.swf\" \/><div class=\"flgallery-altcontent\"><ol style=\"list-style:none;\"><li style=\"display:inline;\"><a href=\"http:\/\/www.billard-club-sottevillais.com\/wp-content\/flgallery\/images\/jxamhe29v76l.jpg\"><img decoding=\"async\" src=\"http:\/\/www.billard-club-sottevillais.com\/wp-content\/flgallery\/tmp\/img-jxamhe29v76l.160x120.jpg\" alt=\"AG 0063\" \/><\/a><\/li><li style=\"display:inline;\"><a href=\"http:\/\/www.billard-club-sottevillais.com\/wp-content\/flgallery\/images\/rzzhodsc4zio.jpg\"><img decoding=\"async\" src=\"http:\/\/www.billard-club-sottevillais.com\/wp-content\/flgallery\/tmp\/img-rzzhodsc4zio.160x120.jpg\" alt=\"AG 0053\" \/><\/a><\/li><li style=\"display:inline;\"><a href=\"http:\/\/www.billard-club-sottevillais.com\/wp-content\/flgallery\/images\/u3tkjv0mywc2.jpg\"><img decoding=\"async\" src=\"http:\/\/www.billard-club-sottevillais.com\/wp-content\/flgallery\/tmp\/img-u3tkjv0mywc2.160x120.jpg\" alt=\"AG 0054\" \/><\/a><\/li><li style=\"display:inline;\"><a href=\"http:\/\/www.billard-club-sottevillais.com\/wp-content\/flgallery\/images\/ki69ia567b2p.jpg\"><img decoding=\"async\" src=\"http:\/\/www.billard-club-sottevillais.com\/wp-content\/flgallery\/tmp\/img-ki69ia567b2p.160x120.jpg\" alt=\"AG 0059\" \/><\/a><\/li><li style=\"display:inline;\"><a href=\"http:\/\/www.billard-club-sottevillais.com\/wp-content\/flgallery\/images\/auhtxq7cbzdq.jpg\"><img decoding=\"async\" src=\"http:\/\/www.billard-club-sottevillais.com\/wp-content\/flgallery\/tmp\/img-auhtxq7cbzdq.160x120.jpg\" alt=\"AG 0055\" \/><\/a><\/li><li style=\"display:inline;\"><a href=\"http:\/\/www.billard-club-sottevillais.com\/wp-content\/flgallery\/images\/oo0pny5r1mdg.jpg\"><img decoding=\"async\" src=\"http:\/\/www.billard-club-sottevillais.com\/wp-content\/flgallery\/tmp\/img-oo0pny5r1mdg.160x120.jpg\" alt=\"AG 0060\" \/><\/a><\/li><li style=\"display:inline;\"><a href=\"http:\/\/www.billard-club-sottevillais.com\/wp-content\/flgallery\/images\/ozelaxpkh90j.jpg\"><img decoding=\"async\" src=\"http:\/\/www.billard-club-sottevillais.com\/wp-content\/flgallery\/tmp\/img-ozelaxpkh90j.160x120.jpg\" alt=\"AG 0061\" \/><\/a><\/li><li style=\"display:inline;\"><a href=\"http:\/\/www.billard-club-sottevillais.com\/wp-content\/flgallery\/images\/dui0p0cafnb0.jpg\"><img decoding=\"async\" src=\"http:\/\/www.billard-club-sottevillais.com\/wp-content\/flgallery\/tmp\/img-dui0p0cafnb0.160x120.jpg\" alt=\"AG 0064\" \/><\/a><\/li><li style=\"display:inline;\"><a href=\"http:\/\/www.billard-club-sottevillais.com\/wp-content\/flgallery\/images\/8ikychu71r57.jpg\"><img decoding=\"async\" src=\"http:\/\/www.billard-club-sottevillais.com\/wp-content\/flgallery\/tmp\/img-8ikychu71r57.160x120.jpg\" alt=\"AG 0065\" \/><\/a><\/li><li style=\"display:inline;\"><a href=\"http:\/\/www.billard-club-sottevillais.com\/wp-content\/flgallery\/images\/nc88zo5ka7v5.jpg\"><img decoding=\"async\" src=\"http:\/\/www.billard-club-sottevillais.com\/wp-content\/flgallery\/tmp\/img-nc88zo5ka7v5.160x120.jpg\" alt=\"AG 0073\" \/><\/a><\/li><li style=\"display:inline;\"><a href=\"http:\/\/www.billard-club-sottevillais.com\/wp-content\/flgallery\/images\/t5jbjykbjdft.jpg\"><img decoding=\"async\" src=\"http:\/\/www.billard-club-sottevillais.com\/wp-content\/flgallery\/tmp\/img-t5jbjykbjdft.160x120.jpg\" alt=\"AG 0079\" \/><\/a><\/li><li style=\"display:inline;\"><a href=\"http:\/\/www.billard-club-sottevillais.com\/wp-content\/flgallery\/images\/b6w9lrlnhcks.jpg\"><img decoding=\"async\" src=\"http:\/\/www.billard-club-sottevillais.com\/wp-content\/flgallery\/tmp\/img-b6w9lrlnhcks.160x120.jpg\" alt=\"AG 0074\" \/><\/a><\/li><li style=\"display:inline;\"><a href=\"http:\/\/www.billard-club-sottevillais.com\/wp-content\/flgallery\/images\/hgjxvls9rkpj.jpg\"><img decoding=\"async\" src=\"http:\/\/www.billard-club-sottevillais.com\/wp-content\/flgallery\/tmp\/img-hgjxvls9rkpj.160x120.jpg\" alt=\"AG 0081\" \/><\/a><\/li><li style=\"display:inline;\"><a href=\"http:\/\/www.billard-club-sottevillais.com\/wp-content\/flgallery\/images\/rynzpi7ugq25.jpg\"><img decoding=\"async\" src=\"http:\/\/www.billard-club-sottevillais.com\/wp-content\/flgallery\/tmp\/img-rynzpi7ugq25.160x120.jpg\" alt=\"AG 0083\" \/><\/a><\/li><li style=\"display:inline;\"><a href=\"http:\/\/www.billard-club-sottevillais.com\/wp-content\/flgallery\/images\/8nomf1au7u05.jpg\"><img decoding=\"async\" src=\"http:\/\/www.billard-club-sottevillais.com\/wp-content\/flgallery\/tmp\/img-8nomf1au7u05.160x120.jpg\" alt=\"AG 0084\" \/><\/a><\/li><\/ol><\/div><\/object><\/object><script type=\"text\/javascript\">jQuery(document).ready(function($) { if (!swfobject.hasFlashPlayerVersion('9.0.45.0')) { altgallery({ type: 'Art', width: '550', height: '400', images: { folder: 'http:\/\/www.billard-club-sottevillais.com\/wp-content\/plugins\/global-flash-galleries\/img\/' }, config: 'http:\/\/www.billard-club-sottevillais.com\/wp-content\/flgallery\/xml\/1\/220.xml', configType: 'xml', fullscreen: 'never', callback: function(gallery) { var container = gallery.canvas.element.parents('.flgallery-embed'); var parent = container.parent(); var initialWidth = container.width(); var prevWidth; container.css({ width: '', height: '' }); function scale() { var parentWidth = parent.width(); if (parentWidth != prevWidth) { gallery.canvas.scale(parentWidth \/ initialWidth); prevWidth = parentWidth; } } scale(); $(window).resize(scale); } }, '#flgallery-220 .flgallery-altcontent'); } });<\/script><\/div><\/center><br \/>\n&nbsp;<\/p>\n","protected":false},"excerpt":{"rendered":"<p>Le 15 juin 2019, le Billard Club Sottevillais a r\u00e9uni son Assembl\u00e9e G\u00e9n\u00e9rale. 15 juin, me direz-vous mais nous sommes au c\u0153ur de l&rsquo;Armada. Eh bien, malgr\u00e9 cette concurrence s\u00e9v\u00e8re, nos adh\u00e9rents se sont quand m\u00eame d\u00e9plac\u00e9s pour discuter de la vie du BCS. D\u00e8s 9h, nous avons accueilli comme d&rsquo;habitude nos adh\u00e9rents avec un &hellip; <\/p>\n<p class=\"link-more\"><a href=\"http:\/\/www.billard-club-sottevillais.com\/?page_id=11408\" class=\"more-link\">Continuer la lecture<span class=\"screen-reader-text\"> de &laquo;&nbsp;Assembl\u00e9e G\u00e9n\u00e9rale 2019&nbsp;&raquo;<\/span><\/a><\/p>\n","protected":false},"author":3,"featured_media":0,"parent":35,"menu_order":0,"comment_status":"closed","ping_status":"closed","template":"page-full.php","meta":{"footnotes":""},"class_list":["post-11408","page","type-page","status-publish","hentry"],"_links":{"self":[{"href":"http:\/\/www.billard-club-sottevillais.com\/index.php?rest_route=\/wp\/v2\/pages\/11408","targetHints":{"allow":["GET"]}}],"collection":[{"href":"http:\/\/www.billard-club-sottevillais.com\/index.php?rest_route=\/wp\/v2\/pages"}],"about":[{"href":"http:\/\/www.billard-club-sottevillais.com\/index.php?rest_route=\/wp\/v2\/types\/page"}],"author":[{"embeddable":true,"href":"http:\/\/www.billard-club-sottevillais.com\/index.php?rest_route=\/wp\/v2\/users\/3"}],"replies":[{"embeddable":true,"href":"http:\/\/www.billard-club-sottevillais.com\/index.php?rest_route=%2Fwp%2Fv2%2Fcomments&post=11408"}],"version-history":[{"count":15,"href":"http:\/\/www.billard-club-sottevillais.com\/index.php?rest_route=\/wp\/v2\/pages\/11408\/revisions"}],"predecessor-version":[{"id":11429,"href":"http:\/\/www.billard-club-sottevillais.com\/index.php?rest_route=\/wp\/v2\/pages\/11408\/revisions\/11429"}],"up":[{"embeddable":true,"href":"http:\/\/www.billard-club-sottevillais.com\/index.php?rest_route=\/wp\/v2\/pages\/35"}],"wp:attachment":[{"href":"http:\/\/www.billard-club-sottevillais.com\/index.php?rest_route=%2Fwp%2Fv2%2Fmedia&parent=11408"}],"curies":[{"name":"wp","href":"https:\/\/api.w.org\/{rel}","templated":true}]}}