{"id":10419,"date":"2018-11-26T14:04:48","date_gmt":"2018-11-26T14:04:48","guid":{"rendered":"http:\/\/www.billard-club-sottevillais.com\/?page_id=10419"},"modified":"2018-11-26T14:04:48","modified_gmt":"2018-11-26T14:04:48","slug":"la-soiree-des-sportifs-sottevillais","status":"publish","type":"page","link":"http:\/\/www.billard-club-sottevillais.com\/?page_id=10419","title":{"rendered":"La Soir\u00e9e des Sportifs Sottevillais"},"content":{"rendered":"<p>&nbsp;<\/p>\n<p style=\"text-align: justify;\">Le 23 novembre, la Ville de Sotteville a organis\u00e9 la \u00ab\u00a0Soir\u00e9e des Sportifs Sottevillais\u00a0\u00bb. C&rsquo;est une manifestation qui met \u00e0 l&rsquo;honneur les sportifs qui ont eu des r\u00e9sultats remarquables mais aussi les acteurs du sport qui consacrent une partie de leur temps au milieu sportif.<br \/>\nCette ann\u00e9e, deux joueurs du Billard Club Sottevillais ont \u00e9t\u00e9 honor\u00e9, il s&rsquo;agit de :<\/p>\n<p>&nbsp;<br \/>\n<img loading=\"lazy\" decoding=\"async\" class=\"aligncenter size-full wp-image-10420\" title=\"SSS18\" src=\"http:\/\/www.billard-club-sottevillais.com\/wp-content\/uploads\/2018\/11\/SSS18.jpg\" alt=\"\" width=\"850\" height=\"566\" srcset=\"http:\/\/www.billard-club-sottevillais.com\/wp-content\/uploads\/2018\/11\/SSS18.jpg 850w, http:\/\/www.billard-club-sottevillais.com\/wp-content\/uploads\/2018\/11\/SSS18-300x199.jpg 300w, http:\/\/www.billard-club-sottevillais.com\/wp-content\/uploads\/2018\/11\/SSS18-140x94.jpg 140w\" sizes=\"auto, (max-width: 706px) 89vw, (max-width: 767px) 82vw, 740px\" \/><br \/>\n&nbsp;<\/p>\n<p style=\"text-align: justify;\">&#8211; Michel Maison qui a \u00e9t\u00e9 champion de Seine Maritime en Libre R3. Il est aussi sur le podium de la finale de Ligue o\u00f9 il prend la troisi\u00e8me place.<br \/>\n&#8211; Jean-Pierre Marlin quant \u00e0 lui gagne la finale d\u00e9partementale de 3 bandes R1 et devient champion de Seine Maritime. Il r\u00e9it\u00e8re l&rsquo;exploit en finale de Ligue et devient Champion de Normandie. Depuis le d\u00e9but de la saison Jean-Pierre \u00e9volue en National 3.<br \/>\nBravo \u00e0 tous les deux !<\/p>\n<p>&nbsp;<\/p>\n<h3>QUELQUES IMAGES<\/h3>\n<p>&nbsp;<br \/>\n<center>[flgallery id=197 \/]<\/center><br \/>\n&nbsp;<\/p>\n","protected":false},"excerpt":{"rendered":"<p>&nbsp; Le 23 novembre, la Ville de Sotteville a organis\u00e9 la \u00ab\u00a0Soir\u00e9e des Sportifs Sottevillais\u00a0\u00bb. C&rsquo;est une manifestation qui met \u00e0 l&rsquo;honneur les sportifs qui ont eu des r\u00e9sultats remarquables mais aussi les acteurs du sport qui consacrent une partie de leur temps au milieu sportif. Cette ann\u00e9e, deux joueurs du Billard Club Sottevillais ont &hellip; <\/p>\n<p class=\"link-more\"><a href=\"http:\/\/www.billard-club-sottevillais.com\/?page_id=10419\" class=\"more-link\">Continuer la lecture<span class=\"screen-reader-text\"> de &laquo;&nbsp;La Soir\u00e9e des Sportifs Sottevillais&nbsp;&raquo;<\/span><\/a><\/p>\n","protected":false},"author":3,"featured_media":0,"parent":35,"menu_order":0,"comment_status":"open","ping_status":"open","template":"page-full.php","meta":{"footnotes":""},"class_list":["post-10419","page","type-page","status-publish","hentry"],"_links":{"self":[{"href":"http:\/\/www.billard-club-sottevillais.com\/index.php?rest_route=\/wp\/v2\/pages\/10419","targetHints":{"allow":["GET"]}}],"collection":[{"href":"http:\/\/www.billard-club-sottevillais.com\/index.php?rest_route=\/wp\/v2\/pages"}],"about":[{"href":"http:\/\/www.billard-club-sottevillais.com\/index.php?rest_route=\/wp\/v2\/types\/page"}],"author":[{"embeddable":true,"href":"http:\/\/www.billard-club-sottevillais.com\/index.php?rest_route=\/wp\/v2\/users\/3"}],"replies":[{"embeddable":true,"href":"http:\/\/www.billard-club-sottevillais.com\/index.php?rest_route=%2Fwp%2Fv2%2Fcomments&post=10419"}],"version-history":[{"count":12,"href":"http:\/\/www.billard-club-sottevillais.com\/index.php?rest_route=\/wp\/v2\/pages\/10419\/revisions"}],"predecessor-version":[{"id":10432,"href":"http:\/\/www.billard-club-sottevillais.com\/index.php?rest_route=\/wp\/v2\/pages\/10419\/revisions\/10432"}],"up":[{"embeddable":true,"href":"http:\/\/www.billard-club-sottevillais.com\/index.php?rest_route=\/wp\/v2\/pages\/35"}],"wp:attachment":[{"href":"http:\/\/www.billard-club-sottevillais.com\/index.php?rest_route=%2Fwp%2Fv2%2Fmedia&parent=10419"}],"curies":[{"name":"wp","href":"https:\/\/api.w.org\/{rel}","templated":true}]}}